{"id":1626,"date":"2025-12-24T18:49:32","date_gmt":"2025-12-24T18:49:32","guid":{"rendered":"https:\/\/airports2hotel.com\/?page_id=1626"},"modified":"2026-03-20T05:38:02","modified_gmt":"2026-03-20T05:38:02","slug":"terms-of-service","status":"publish","type":"page","link":"https:\/\/airports2hotel.com\/es\/terms-of-service\/","title":{"rendered":"T\u00e9rminos de servicio"},"content":{"rendered":"<div data-elementor-type=\"wp-page\" data-elementor-id=\"1626\" class=\"elementor elementor-1626\" data-elementor-post-type=\"page\">\n\t\t\t\t<div class=\"elementor-element elementor-element-8136a58 e-flex e-con-boxed e-con e-parent\" data-id=\"8136a58\" data-element_type=\"container\" data-e-type=\"container\">\n\t\t\t\t\t<div class=\"e-con-inner\">\n\t\t<div class=\"elementor-element elementor-element-bd210ee e-con-full e-flex e-con e-child\" data-id=\"bd210ee\" data-element_type=\"container\" data-e-type=\"container\">\n\t\t\t\t<div class=\"elementor-element elementor-element-b5b8d48 elementor-widget elementor-widget-heading\" data-id=\"b5b8d48\" data-element_type=\"widget\" data-e-type=\"widget\" data-widget_type=\"heading.default\">\n\t\t\t\t\t<h1 class=\"elementor-heading-title elementor-size-default\">T\u00e9rminos de servicio<\/h1>\t\t\t\t<\/div>\n\t\t\t\t<div class=\"elementor-element elementor-element-a43d65e elementor-widget elementor-widget-text-editor\" data-id=\"a43d65e\" data-element_type=\"widget\" data-e-type=\"widget\" data-widget_type=\"text-editor.default\">\n\t\t\t\t\t\t\t\t\t<p>Bienvenido a <strong>Airports2Hotel<\/strong>. These Terms &amp; Conditions (&#8220;<strong>T\u00e9rminos<\/strong>&#8220;) govern your access to and use of <strong><a href=\"https:\/\/airports2hotel.com\/es\/\" target=\"_blank\" rel=\"noopener\">https:\/\/airports2hotel.com<\/a><\/strong> and related services (the &#8220;<strong>Servicio<\/strong>&#8220;).<\/p>\n<p>Al acceder, navegar o usar el Servicio, aceptas estos T\u00e9rminos y nuestra Pol\u00edtica de Privacidad:<\/p>\n<ul>\n<li>\n<p>Pol\u00edtica de Privacidad: <a href=\"https:\/\/airports2hotel.com\/es\/privacy-policy\/\" target=\"_blank\" rel=\"noopener\">https:\/\/airports2hotel.com\/privacy-policy<\/a><\/p>\n<\/li>\n<li>\n<p>Pol\u00edtica de Cookies: <a href=\"https:\/\/airports2hotel.com\/es\/cookie-policy\/\" target=\"_blank\" rel=\"noopener\">https:\/\/airports2hotel.com\/cookie-policy<\/a><\/p>\n<\/li>\n<\/ul>\n<p>Si no est\u00e1s de acuerdo, no uses el Servicio.<\/p>\n<h3>1) Elegibilidad<\/h3>\n<p class=\"translation-block\">Para usar este Servicio, debes tener al menos <strong data-start=\"1183\" data-end=\"1199\">18 a\u00f1os de edad<\/strong>.<\/p>\n<h3>Debes tener al menos <strong data-start=\"5986\" data-end=\"6002\">18 a\u00f1os<\/strong> para usar este Servicio.<\/h3>\n<p>Airports2Hotel ayuda a los viajeros a descubrir y acceder a opciones de reserva para:<\/p>\n<ul>\n<li>\n<p>Traslados<\/p>\n<\/li>\n<li>\n<p>Alquiler de autos<\/p>\n<\/li>\n<\/ul>\n<p>Sin embargo, <strong>no prestamos servicios de transporte<\/strong>. Por ejemplo, no:<\/p>\n<ul>\n<li>\n<p>Operar veh\u00edculos<\/p>\n<\/li>\n<li>\n<p>Emplear conductores<\/p>\n<\/li>\n<li>\n<p>Definir el precio final del proveedor<\/p>\n<\/li>\n<li>\n<p>Garantizar disponibilidad<\/p>\n<\/li>\n<li>\n<p>Controlar el desempe\u00f1o de los proveedores<\/p>\n<\/li>\n<\/ul>\n<p>En cambio, <strong>proveedores externos y\/o mercados de reservas<\/strong> cumplir reservas, incluido <strong>Mozio<\/strong>.<\/p>\n<h3>3) Plataformas de Socios y T\u00e9rminos de Terceros (Mozio)<\/h3>\n<p>When you click &#8220;Book&#8221; or proceed to booking, you may be redirected to a third-party booking partner (including Mozio). Your booking is subject to the partner&#8217;s:<\/p>\n<ul>\n<li>\n<p>T\u00e9rminos de servicio<\/p>\n<\/li>\n<li>\n<p>Cancellation\/refund policy<\/p>\n<\/li>\n<li>\n<p>Pol\u00edtica de privacidad<\/p>\n<\/li>\n<\/ul>\n<p class=\"translation-block\">Importante: En la mayor\u00eda de los casos, usted forma el contrato del viaje\/alquiler con el socio y\/o el proveedor subyacente \u2014 no con Airports2Hotel.<\/p>\n<h3>4) Pricing, Availability, and Confirmations<\/h3>\n<p class=\"translation-block\">ebido a que los socios y proveedores controlan los listados, los precios y la disponibilidad pueden cambiar.<\/p>\n<p class=\"translation-block\">Adem\u00e1s, el checkout del partner muestra el precio final, las inclusiones y las condiciones <strong data-start=\"2355\" data-end=\"2365\">antes<\/strong> de que confirmes.<\/p>\n<p>Finalmente, los socios emiten las confirmaciones y los documentos de reserva, no Airports2Hotel.<\/p>\n<h3>5) Pagos<\/h3>\n<p>Los pagos son procesados por la plataforma del socio (y\/o sus procesadores de pago). Por lo general, Airports2Hotel no recopila los datos completos de la tarjeta en los flujos de pago del socio.<\/p>\n<h3>6) Cambios, Cancelaciones y Reembolsos<\/h3>\n<p>Todos los cambios\/cancelaciones\/reembolsos siguen la pol\u00edtica del socio que se muestra al reservar.<\/p>\n<p>Si necesitas ayuda:<\/p>\n<ul>\n<li>\n<p>Sigue las instrucciones de tu confirmaci\u00f3n de reserva (normalmente incluye un enlace de autoservicio).<\/p>\n<\/li>\n<li>\n<p>If you&#8217;re unsure where to go, email us and we&#8217;ll point you to the correct support channel: <strong><a href=\"mailto:support@airports2hotel.com\" rel=\"noopener\">support@airports2hotel.com<\/a><\/strong>.<\/p>\n<\/li>\n<\/ul>\n<h3>7) Precisi\u00f3n de los Datos de Viaje (Tu Responsabilidad)<\/h3>\n<p>Eres responsable de proporcionar datos correctos, incluyendo:<\/p>\n<ul>\n<li>\n<p>Fechas\/horarios<\/p>\n<\/li>\n<li>\n<p>N\u00famero de vuelo (si se solicita)<\/p>\n<\/li>\n<li>\n<p>Detalles del lugar de recogida<\/p>\n<\/li>\n<li>\n<p>Informaci\u00f3n de contacto del pasajero<\/p>\n<\/li>\n<\/ul>\n<p>Los datos incorrectos pueden causar recogidas perdidas, demoras, cargos adicionales o cancelaci\u00f3n sin reembolso seg\u00fan las reglas del socio.<\/p>\n<h3>8) Uso Aceptable<\/h3>\n<p>Aceptas no:<\/p>\n<ul>\n<li>\n<p>Usar el Servicio con fines ilegales<\/p>\n<\/li>\n<li>\n<p>Intentar interrumpir o comprometer la seguridad del sitio<\/p>\n<\/li>\n<li>\n<p>Hacer scraping, aplicar ingenier\u00eda inversa o abusar del sitio web<\/p>\n<\/li>\n<li>\n<p>Usar bots para sobrecargar formularios o flujos de reserva<\/p>\n<\/li>\n<li>\n<p>Publicar o transmitir c\u00f3digo malicioso<\/p>\n<\/li>\n<\/ul>\n<h3>9) Propiedad Intelectual<\/h3>\n<p>Todo el contenido del sitio web, la marca, el dise\u00f1o y los materiales son propiedad de Airports2Hotel o est\u00e1n licenciados a nuestro nombre. No puedes copiar, reproducir ni distribuir nuestros materiales sin autorizaci\u00f3n por escrito.<\/p>\n<h3>10) Avisos legales<\/h3>\n<p class=\"translation-block\">El Servicio se proporciona \"<strong data-start=\"8576\" data-end=\"8585\">tal cual<\/strong>\" y \"<strong data-start=\"8592\" data-end=\"8608\">seg\u00fan disponibilidad<\/strong>.\" No garantizamos:<\/p>\n<ul>\n<li>\n<p>Uninterrupted availability<\/p>\n<\/li>\n<li>\n<p>Error-free operation<\/p>\n<\/li>\n<li>\n<p>That partner services will meet your expectations<\/p>\n<\/li>\n<\/ul>\n<p>Los servicios de transporte son prestados por terceros. Airports2Hotel no se hace responsable por actos u omisiones de los proveedores, incluidos retrasos, cancelaciones, recogidas perdidas, accidentes, objetos perdidos o la calidad del servicio.<\/p>\n<h3>11) Limitaci\u00f3n de Responsabilidad<\/h3>\n<p>En la m\u00e1xima medida permitida por la ley, Airports2Hotel no ser\u00e1 responsable por da\u00f1os indirectos, incidentales o consecuentes derivados de tu uso del Servicio o de reservas con terceros.<\/p>\n<p>If liability is found, Airports2Hotel&#8217;s total liability will be limited to the maximum extent permitted by law and, in any event, will not exceed the amount (if any) you paid directly to Airports2Hotel for use of this Service.<\/p>\n<h3>12) Indemnizaci\u00f3n<\/h3>\n<p>Aceptas indemnizar y eximir de responsabilidad a Airports2Hotel por reclamaciones derivadas de:<\/p>\n<ul>\n<li>\n<p>Your misuse of the Service<\/p>\n<\/li>\n<li>\n<p>Your violation of these Terms<\/p>\n<\/li>\n<li>\n<p>Your violation of any law or third-party rights<\/p>\n<\/li>\n<\/ul>\n<h3>13) Enlaces de Terceros<\/h3>\n<p>Podemos incluir enlaces a sitios web de terceros. No los controlamos y no somos responsables por su contenido, pol\u00edticas o pr\u00e1cticas.<\/p>\n<h3>14) Modificaciones del Servicio o de los T\u00e9rminos<\/h3>\n<p>Podemos actualizar el Servicio o estos T\u00e9rminos en cualquier momento. El uso continuo significa que aceptas los T\u00e9rminos actualizados.<\/p>\n<h3>15) Ley Aplicable<\/h3>\n<p>Estos T\u00e9rminos se rigen por las leyes aplicables de forma coherente con las normas de protecci\u00f3n al consumidor. Si necesitas una cl\u00e1usula formal de jurisdicci\u00f3n adaptada a un pa\u00eds\/estado espec\u00edfico, cont\u00e1ctanos para ajustarla.<\/p>\n<h3>16) Contacto<\/h3>\n<p>Preguntas sobre estos T\u00e9rminos:<br \/><strong><a href=\"mailto:support@airports2hotel.com\" rel=\"noopener\">support@airports2hotel.com<\/a><\/strong><\/p>\n\n\t\t\t\t\t\t\t\t<\/div>\n\t\t\t\t<\/div>\n\t\t\t\t\t<\/div>\n\t\t\t\t<\/div>\n\t\t\t\t<\/div>","protected":false},"excerpt":{"rendered":"<p>Visual representing the terms of service of Airports2Hotel, outlining rules, responsibilities, and conditions for airport transfer and car rental bookings.<\/p>","protected":false},"author":1,"featured_media":0,"parent":0,"menu_order":0,"comment_status":"closed","ping_status":"closed","template":"","meta":{"_acf_changed":false,"inline_featured_image":false,"footnotes":""},"class_list":["post-1626","page","type-page","status-publish","hentry"],"acf":[],"_links":{"self":[{"href":"https:\/\/airports2hotel.com\/es\/wp-json\/wp\/v2\/pages\/1626","targetHints":{"allow":["GET"]}}],"collection":[{"href":"https:\/\/airports2hotel.com\/es\/wp-json\/wp\/v2\/pages"}],"about":[{"href":"https:\/\/airports2hotel.com\/es\/wp-json\/wp\/v2\/types\/page"}],"author":[{"embeddable":true,"href":"https:\/\/airports2hotel.com\/es\/wp-json\/wp\/v2\/users\/1"}],"replies":[{"embeddable":true,"href":"https:\/\/airports2hotel.com\/es\/wp-json\/wp\/v2\/comments?post=1626"}],"version-history":[{"count":47,"href":"https:\/\/airports2hotel.com\/es\/wp-json\/wp\/v2\/pages\/1626\/revisions"}],"predecessor-version":[{"id":4059,"href":"https:\/\/airports2hotel.com\/es\/wp-json\/wp\/v2\/pages\/1626\/revisions\/4059"}],"wp:attachment":[{"href":"https:\/\/airports2hotel.com\/es\/wp-json\/wp\/v2\/media?parent=1626"}],"curies":[{"name":"wp","href":"https:\/\/api.w.org\/{rel}","templated":true}]}}