{"id":1631,"date":"2025-12-24T18:51:57","date_gmt":"2025-12-24T18:51:57","guid":{"rendered":"https:\/\/airports2hotel.com\/?page_id=1631"},"modified":"2026-03-20T05:38:27","modified_gmt":"2026-03-20T05:38:27","slug":"cookie-policy","status":"publish","type":"page","link":"https:\/\/airports2hotel.com\/es\/cookie-policy\/","title":{"rendered":"Cookie policy"},"content":{"rendered":"<div data-elementor-type=\"wp-page\" data-elementor-id=\"1631\" class=\"elementor elementor-1631\" data-elementor-post-type=\"page\">\n\t\t\t\t<div class=\"elementor-element elementor-element-8136a58 e-flex e-con-boxed e-con e-parent\" data-id=\"8136a58\" data-element_type=\"container\" data-e-type=\"container\">\n\t\t\t\t\t<div class=\"e-con-inner\">\n\t\t<div class=\"elementor-element elementor-element-bd210ee e-con-full e-flex e-con e-child\" data-id=\"bd210ee\" data-element_type=\"container\" data-e-type=\"container\">\n\t\t\t\t<div class=\"elementor-element elementor-element-ecaf063 elementor-widget elementor-widget-heading\" data-id=\"ecaf063\" data-element_type=\"widget\" data-e-type=\"widget\" data-widget_type=\"heading.default\">\n\t\t\t\t\t<h1 class=\"elementor-heading-title elementor-size-default\">Cookie policy<\/h1>\t\t\t\t<\/div>\n\t\t\t\t<div class=\"elementor-element elementor-element-fd21f2a elementor-widget elementor-widget-text-editor\" data-id=\"fd21f2a\" data-element_type=\"widget\" data-e-type=\"widget\" data-widget_type=\"text-editor.default\">\n\t\t\t\t\t\t\t\t\t<p class=\"translation-block\">Esta Pol\u00edtica de Cookies explica c\u00f3mo <strong data-start=\"10439\" data-end=\"10457\">Airports2Hotel<\/strong> utiliza cookies y tecnolog\u00edas similares en <strong data-start=\"10499\" data-end=\"10529\"><a class=\"decorated-link\" href=\"https:\/\/airports2hotel.com\/es\/\" target=\"_new\" rel=\"noopener\" data-start=\"10501\" data-end=\"10527\">https:\/\/airports2hotel.com<\/a><\/strong>.<\/p>\n<p>Las cookies son peque\u00f1os archivos de texto que se almacenan en tu dispositivo para ayudar a que los sitios web funcionen correctamente y mejorar la experiencia del usuario.<\/p>\n<h3>1) Why We Use Cookies<\/h3>\n<p>Usamos cookies para:<\/p>\n<ul>\n<li>\n<p>Make the website function correctly<\/p>\n<\/li>\n<li>\n<p>Remember preferences (language, region, etc.)<\/p>\n<\/li>\n<li>\n<p>Measure site performance and improve pages<\/p>\n<\/li>\n<li>\n<p>Apoyar el marketing\/atribuci\u00f3n (si est\u00e1 habilitado)<\/p>\n<\/li>\n<\/ul>\n<h3>2) Categor\u00edas de Cookies que Usamos<\/h3>\n<p class=\"translation-block\"><strong data-start=\"10898\" data-end=\"10931\">A) Cookies Estrictamente Necesarias<\/strong><br data-start=\"10931\" data-end=\"10934\">Son necesarias para que el sitio funcione y no se pueden desactivar en nuestros sistemas. Ejemplos:<\/p>\n<ul>\n<li>\n<p>Cookies de seguridad<\/p>\n<\/li>\n<li>\n<p>Gesti\u00f3n de sesi\u00f3n<\/p>\n<\/li>\n<li>\n<p>Preferencias de consentimiento de cookies<\/p>\n<\/li>\n<\/ul>\n<p class=\"translation-block\"><strong data-start=\"11094\" data-end=\"11143\">B) Cookies de Rendimiento \/ Anal\u00edtica (opcional)<\/strong><br data-start=\"11143\" data-end=\"11146\">Nos ayudan a medir el tr\u00e1fico y entender c\u00f3mo los visitantes usan el sitio (p\u00e1ginas visitadas, clics, tiempo en la p\u00e1gina).<br data-start=\"11249\" data-end=\"11252\">Los proveedores pueden incluir Google Analytics u otras herramientas similares (si est\u00e1n configuradas).<\/p>\n<p class=\"translation-block\"><strong data-start=\"11334\" data-end=\"11370\">C) Cookies Funcionales (opcional)<\/strong><br data-start=\"11370\" data-end=\"11373\">Mejoran la funcionalidad y la personalizaci\u00f3n (por ejemplo, recordar preferencias como el idioma).<\/p>\n<p class=\"translation-block\"><strong data-start=\"11463\" data-end=\"11510\">D) Cookies de Marketing \/ Segmentaci\u00f3n (opcional)<\/strong><br data-start=\"11510\" data-end=\"11513\">Pueden usarse para medir la eficacia de la publicidad y mostrar anuncios relevantes en la web (si est\u00e1n configuradas).<\/p>\n<h3>3) C\u00f3mo Gestionar tus Preferencias de Cookies<\/h3>\n<p>Puedes gestionar las cookies de dos formas:<\/p>\n<ol>\n<li>\n<p class=\"translation-block\"><strong data-start=\"11696\" data-end=\"11728\">Banner de cookies \/ herramienta de consentimiento<\/strong> (recomendado): acepta o rechaza categor\u00edas no esenciales.<\/p>\n<\/li>\n<li>\n<p class=\"translation-block\"><strong data-start=\"11792\" data-end=\"11813\">Configuraci\u00f3n del navegador:<\/strong> bloquea o elimina cookies en cualquier momento.<\/p>\n<\/li>\n<\/ol>\n<p>Bloquear algunas cookies puede afectar el funcionamiento del sitio.<\/p>\n<h3>4) Cookies de Terceros<\/h3>\n<p>Algunas cookies pueden ser establecidas por servicios de terceros integrados en nuestro sitio (anal\u00edtica, seguridad, widgets de reserva, etc.). Estos terceros pueden recopilar informaci\u00f3n de acuerdo con sus propias pol\u00edticas.<\/p>\n<h3>5) Actualizaciones de esta Pol\u00edtica de Cookies<\/h3>\n<p>We may update this Policy from time to time. The &#8220;Last updated&#8221; date will reflect the most recent revision.<\/p>\n<h3>6) Contacto<\/h3>\n<p class=\"translation-block\">Si tienes preguntas, cont\u00e1ctanos en:<br data-start=\"12318\" data-end=\"12321\"><strong data-start=\"12321\" data-end=\"12351\"><a class=\"decorated-link cursor-pointer\" rel=\"noopener\" data-start=\"12323\" data-end=\"12349\" target=\"_self\">support@airports2hotel.com<\/a><\/strong><\/p>\n<ul>\n<li>\n<p>Pol\u00edtica de Privacidad \u2192 <a href=\"https:\/\/airports2hotel.com\/es\/privacy-policy\/\" target=\"_blank\" rel=\"noopener\">https:\/\/airports2hotel.com\/privacy-policy<\/a><\/p>\n<\/li>\n<li>\n<p>T\u00e9rminos y Condiciones \u2192 <a href=\"https:\/\/airports2hotel.com\/es\/terms-and-conditions\/\" target=\"_blank\" rel=\"noopener\">https:\/\/airports2hotel.com\/terms-and-conditions<\/a><\/p>\n<\/li>\n<li>\n<p>Pol\u00edtica de Cookies \u2192 <a href=\"https:\/\/airports2hotel.com\/es\/cookie-policy\/\" target=\"_blank\" rel=\"noopener\">https:\/\/airports2hotel.com\/cookie-policy<\/a><\/p>\n<\/li>\n<\/ul>\n\n\t\t\t\t\t\t\t\t<\/div>\n\t\t\t\t<\/div>\n\t\t\t\t\t<\/div>\n\t\t\t\t<\/div>\n\t\t\t\t<\/div>","protected":false},"excerpt":{"rendered":"<p>This Cookie Policy explains how Airports2Hotel uses cookies and similar technologies for airport transfer and car rental services.<\/p>","protected":false},"author":1,"featured_media":0,"parent":0,"menu_order":0,"comment_status":"closed","ping_status":"closed","template":"","meta":{"_acf_changed":false,"inline_featured_image":false,"footnotes":""},"class_list":["post-1631","page","type-page","status-publish","hentry"],"acf":[],"_links":{"self":[{"href":"https:\/\/airports2hotel.com\/es\/wp-json\/wp\/v2\/pages\/1631","targetHints":{"allow":["GET"]}}],"collection":[{"href":"https:\/\/airports2hotel.com\/es\/wp-json\/wp\/v2\/pages"}],"about":[{"href":"https:\/\/airports2hotel.com\/es\/wp-json\/wp\/v2\/types\/page"}],"author":[{"embeddable":true,"href":"https:\/\/airports2hotel.com\/es\/wp-json\/wp\/v2\/users\/1"}],"replies":[{"embeddable":true,"href":"https:\/\/airports2hotel.com\/es\/wp-json\/wp\/v2\/comments?post=1631"}],"version-history":[{"count":44,"href":"https:\/\/airports2hotel.com\/es\/wp-json\/wp\/v2\/pages\/1631\/revisions"}],"predecessor-version":[{"id":4060,"href":"https:\/\/airports2hotel.com\/es\/wp-json\/wp\/v2\/pages\/1631\/revisions\/4060"}],"wp:attachment":[{"href":"https:\/\/airports2hotel.com\/es\/wp-json\/wp\/v2\/media?parent=1631"}],"curies":[{"name":"wp","href":"https:\/\/api.w.org\/{rel}","templated":true}]}}