{"id":1626,"date":"2025-12-24T18:49:32","date_gmt":"2025-12-24T18:49:32","guid":{"rendered":"https:\/\/airports2hotel.com\/?page_id=1626"},"modified":"2026-03-20T05:38:02","modified_gmt":"2026-03-20T05:38:02","slug":"terms-of-service","status":"publish","type":"page","link":"https:\/\/airports2hotel.com\/pt\/terms-of-service\/","title":{"rendered":"Termos de Servi\u00e7o"},"content":{"rendered":"<div data-elementor-type=\"wp-page\" data-elementor-id=\"1626\" class=\"elementor elementor-1626\" data-elementor-post-type=\"page\">\n\t\t\t\t<div class=\"elementor-element elementor-element-8136a58 e-flex e-con-boxed e-con e-parent\" data-id=\"8136a58\" data-element_type=\"container\" data-e-type=\"container\">\n\t\t\t\t\t<div class=\"e-con-inner\">\n\t\t<div class=\"elementor-element elementor-element-bd210ee e-con-full e-flex e-con e-child\" data-id=\"bd210ee\" data-element_type=\"container\" data-e-type=\"container\">\n\t\t\t\t<div class=\"elementor-element elementor-element-b5b8d48 elementor-widget elementor-widget-heading\" data-id=\"b5b8d48\" data-element_type=\"widget\" data-e-type=\"widget\" data-widget_type=\"heading.default\">\n\t\t\t\t\t<h1 class=\"elementor-heading-title elementor-size-default\">Termos de Servi\u00e7o<\/h1>\t\t\t\t<\/div>\n\t\t\t\t<div class=\"elementor-element elementor-element-a43d65e elementor-widget elementor-widget-text-editor\" data-id=\"a43d65e\" data-element_type=\"widget\" data-e-type=\"widget\" data-widget_type=\"text-editor.default\">\n\t\t\t\t\t\t\t\t\t<p>Bem-vindo(a) <strong>Airports2Hotel<\/strong>. These Terms &amp; Conditions (&#8220;<strong>Termos<\/strong>&#8220;) govern your access to and use of <strong><a href=\"https:\/\/airports2hotel.com\/pt\/\" target=\"_blank\" rel=\"noopener\">https:\/\/airports2hotel.com<\/a><\/strong> and related services (the &#8220;<strong>Servi\u00e7o<\/strong>&#8220;).<\/p>\n<p>Ao acessar, navegar ou usar o Servi\u00e7o, voc\u00ea concorda com estes Termos e com nossa Pol\u00edtica de Privacidade:<\/p>\n<ul>\n<li>\n<p>Pol\u00edtica de Privacidade: <a href=\"https:\/\/airports2hotel.com\/pt\/privacy-policy\/\" target=\"_blank\" rel=\"noopener\">https:\/\/airports2hotel.com\/privacy-policy<\/a><\/p>\n<\/li>\n<li>\n<p>Pol\u00edtica de Cookies: <a href=\"https:\/\/airports2hotel.com\/pt\/cookie-policy\/\" target=\"_blank\" rel=\"noopener\">https:\/\/airports2hotel.com\/cookie-policy<\/a><\/p>\n<\/li>\n<\/ul>\n<p>Se voc\u00ea n\u00e3o concorda, n\u00e3o use o Servi\u00e7o.<\/p>\n<h3>1) Elegibilidade<\/h3>\n<p class=\"translation-block\">Para usar este Servi\u00e7o, voc\u00ea deve ter pelo menos <strong data-start=\"1183\" data-end=\"1199\">18 anos de idade<\/strong>.<\/p>\n<h3>Voc\u00ea deve ter pelo menos <strong data-start=\"5986\" data-end=\"6002\">18 anos<\/strong> para usar este Servi\u00e7o.<\/h3>\n<p>A Airports2Hotel ajuda viajantes a encontrar e acessar op\u00e7\u00f5es de reserva para:<\/p>\n<ul>\n<li>\n<p>Transfers<\/p>\n<\/li>\n<li>\n<p>Aluguel de carros<\/p>\n<\/li>\n<\/ul>\n<p>No entanto, <strong>n\u00e3o fornecemos servi\u00e7os de transporte<\/strong>. Por exemplo, n\u00e3o:<\/p>\n<ul>\n<li>\n<p>Operar ve\u00edculos<\/p>\n<\/li>\n<li>\n<p>Empregar motoristas<\/p>\n<\/li>\n<li>\n<p>Definir o pre\u00e7o final do prestador<\/p>\n<\/li>\n<li>\n<p>Garantir disponibilidade<\/p>\n<\/li>\n<li>\n<p>Controlar o desempenho dos fornecedores<\/p>\n<\/li>\n<\/ul>\n<p>Em vez disso, <strong>fornecedores terceirizados e\/ou marketplaces de reservas<\/strong> concluir reservas, incluindo <strong>Mozio<\/strong>.<\/p>\n<h3>3) Plataformas de Parceiros e Termos de Terceiros (Mozio)<\/h3>\n<p>When you click &#8220;Book&#8221; or proceed to booking, you may be redirected to a third-party booking partner (including Mozio). Your booking is subject to the partner&#8217;s:<\/p>\n<ul>\n<li>\n<p>Termos de servi\u00e7o<\/p>\n<\/li>\n<li>\n<p>Pol\u00edtica de cancelamento\/reembolso<\/p>\n<\/li>\n<li>\n<p>Pol\u00edtica de privacidade<\/p>\n<\/li>\n<\/ul>\n<p class=\"translation-block\">Importante: Na maioria dos casos, voc\u00ea firma o contrato do transporte\/aluguel com o parceiro e\/ou o provedor subjacente \u2014 n\u00e3o com a Airports2Hotel.<\/p>\n<h3>4) Pre\u00e7os, Disponibilidade e Confirma\u00e7\u00f5es<\/h3>\n<p class=\"translation-block\">Como os parceiros e provedores controlam as listagens, os pre\u00e7os e a disponibilidade podem mudar.<\/p>\n<p class=\"translation-block\">Al\u00e9m disso, o checkout do parceiro exibe o pre\u00e7o final, as inclus\u00f5es e as condi\u00e7\u00f5es <strong data-start=\"2355\" data-end=\"2365\">antes<\/strong> de voc\u00ea confirmar.<\/p>\n<p>Por fim, os parceiros emitem as confirma\u00e7\u00f5es e os documentos de reserva, n\u00e3o a Airports2Hotel.<\/p>\n<h3>5) Pagamentos<\/h3>\n<p>Os pagamentos s\u00e3o processados pela plataforma do parceiro (e\/ou pelos processadores de pagamento dele). Em geral, a Airports2Hotel n\u00e3o coleta os dados completos do cart\u00e3o nos fluxos de checkout do parceiro.<\/p>\n<h3>6) Altera\u00e7\u00f5es, Cancelamentos e Reembolsos<\/h3>\n<p>Todas as altera\u00e7\u00f5es\/cancelamentos\/reembolsos seguem a pol\u00edtica do parceiro exibida no momento da reserva.<\/p>\n<p>Se voc\u00ea precisar de ajuda:<\/p>\n<ul>\n<li>\n<p>Siga as instru\u00e7\u00f5es da confirma\u00e7\u00e3o da sua reserva (geralmente inclui um link de autoatendimento).<\/p>\n<\/li>\n<li>\n<p>If you&#8217;re unsure where to go, email us and we&#8217;ll point you to the correct support channel: <strong><a href=\"mailto:support@airports2hotel.com\" rel=\"noopener\">support@airports2hotel.com<\/a><\/strong>.<\/p>\n<\/li>\n<\/ul>\n<h3>7) Precis\u00e3o das Informa\u00e7\u00f5es da Viagem (Sua Responsabilidade)<\/h3>\n<p>Voc\u00ea \u00e9 respons\u00e1vel por fornecer informa\u00e7\u00f5es corretas, incluindo:<\/p>\n<ul>\n<li>\n<p>Datas\/hor\u00e1rios<\/p>\n<\/li>\n<li>\n<p>N\u00famero do voo (se solicitado)<\/p>\n<\/li>\n<li>\n<p>Detalhes do local de embarque<\/p>\n<\/li>\n<li>\n<p>Informa\u00e7\u00f5es de contato do passageiro<\/p>\n<\/li>\n<\/ul>\n<p>Informa\u00e7\u00f5es incorretas podem resultar em perda do embarque, atrasos, taxas extras ou cancelamento sem reembolso conforme as regras do parceiro.<\/p>\n<h3>8) Uso Aceit\u00e1vel<\/h3>\n<p>Voc\u00ea concorda em n\u00e3o:<\/p>\n<ul>\n<li>\n<p>Usar o Servi\u00e7o para fins ilegais<\/p>\n<\/li>\n<li>\n<p>Tentar interromper ou comprometer a seguran\u00e7a do site<\/p>\n<\/li>\n<li>\n<p>Fazer scraping, engenharia reversa ou abusar do site<\/p>\n<\/li>\n<li>\n<p>Usar bots para sobrecargar formularios o flujos de reserva<\/p>\n<\/li>\n<li>\n<p>Publicar ou transmitir c\u00f3digo malicioso<\/p>\n<\/li>\n<\/ul>\n<h3>9) Propriedade Intelectual<\/h3>\n<p>Todo o conte\u00fado do site, a marca, o design e os materiais s\u00e3o de propriedade da Airports2Hotel ou licenciados para n\u00f3s. Voc\u00ea n\u00e3o pode copiar, reproduzir ou distribuir nossos materiais sem autoriza\u00e7\u00e3o por escrito.<\/p>\n<h3>10) Isen\u00e7\u00f5es de responsabilidade<\/h3>\n<p class=\"translation-block\">O Servi\u00e7o \u00e9 fornecido \"<strong data-start=\"8576\" data-end=\"8585\">como est\u00e1<\/strong>\" e \"<strong data-start=\"8592\" data-end=\"8608\">conforme dispon\u00edvel<\/strong>.\" N\u00e3o garantimos:<\/p>\n<ul>\n<li>\n<p>Uninterrupted availability<\/p>\n<\/li>\n<li>\n<p>Error-free operation<\/p>\n<\/li>\n<li>\n<p>That partner services will meet your expectations<\/p>\n<\/li>\n<\/ul>\n<p>Os servi\u00e7os de transporte s\u00e3o prestados por terceiros. A Airports2Hotel n\u00e3o se responsabiliza por atos ou omiss\u00f5es dos prestadores, incluindo atrasos, cancelamentos, embarques perdidos, acidentes, itens perdidos ou qualidade do servi\u00e7o.<\/p>\n<h3>11) Limita\u00e7\u00e3o de Responsabilidade<\/h3>\n<p>Na m\u00e1xima extens\u00e3o permitida por lei, a Airports2Hotel n\u00e3o ser\u00e1 respons\u00e1vel por danos indiretos, incidentais ou consequenciais decorrentes do uso do Servi\u00e7o ou de reservas com terceiros.<\/p>\n<p>If liability is found, Airports2Hotel&#8217;s total liability will be limited to the maximum extent permitted by law and, in any event, will not exceed the amount (if any) you paid directly to Airports2Hotel for use of this Service.<\/p>\n<h3>12) Indeniza\u00e7\u00e3o<\/h3>\n<p>Voc\u00ea concorda em indenizar e isentar a Airports2Hotel de quaisquer reclama\u00e7\u00f5es decorrentes de:<\/p>\n<ul>\n<li>\n<p>Your misuse of the Service<\/p>\n<\/li>\n<li>\n<p>Your violation of these Terms<\/p>\n<\/li>\n<li>\n<p>Your violation of any law or third-party rights<\/p>\n<\/li>\n<\/ul>\n<h3>13) Links de Terceiros<\/h3>\n<p>Podemos incluir links para sites de terceiros. N\u00e3o os controlamos e n\u00e3o somos respons\u00e1veis pelo conte\u00fado, pol\u00edticas ou pr\u00e1ticas deles.<\/p>\n<h3>14) Altera\u00e7\u00f5es no Servi\u00e7o ou nos Termos<\/h3>\n<p>Podemos atualizar o Servi\u00e7o ou estes Termos a qualquer momento. O uso cont\u00ednuo significa que voc\u00ea aceita os Termos atualizados.<\/p>\n<h3>15) Lei Aplic\u00e1vel<\/h3>\n<p>Estes Termos s\u00e3o regidos pelas leis aplic\u00e1veis, de forma consistente com as regras de prote\u00e7\u00e3o ao consumidor. Se voc\u00ea precisar de uma cl\u00e1usula formal de jurisdi\u00e7\u00e3o alinhada a um pa\u00eds\/estado espec\u00edfico, entre em contato para ajustarmos.<\/p>\n<h3>16) Contato<\/h3>\n<p>D\u00favidas sobre estes Termos:<br \/><strong><a href=\"mailto:support@airports2hotel.com\" rel=\"noopener\">support@airports2hotel.com<\/a><\/strong><\/p>\n\n\t\t\t\t\t\t\t\t<\/div>\n\t\t\t\t<\/div>\n\t\t\t\t\t<\/div>\n\t\t\t\t<\/div>\n\t\t\t\t<\/div>","protected":false},"excerpt":{"rendered":"<p>Visual representing the terms of service of Airports2Hotel, outlining rules, responsibilities, and conditions for airport transfer and car rental bookings.<\/p>","protected":false},"author":1,"featured_media":0,"parent":0,"menu_order":0,"comment_status":"closed","ping_status":"closed","template":"","meta":{"_acf_changed":false,"inline_featured_image":false,"footnotes":""},"class_list":["post-1626","page","type-page","status-publish","hentry"],"acf":[],"_links":{"self":[{"href":"https:\/\/airports2hotel.com\/pt\/wp-json\/wp\/v2\/pages\/1626","targetHints":{"allow":["GET"]}}],"collection":[{"href":"https:\/\/airports2hotel.com\/pt\/wp-json\/wp\/v2\/pages"}],"about":[{"href":"https:\/\/airports2hotel.com\/pt\/wp-json\/wp\/v2\/types\/page"}],"author":[{"embeddable":true,"href":"https:\/\/airports2hotel.com\/pt\/wp-json\/wp\/v2\/users\/1"}],"replies":[{"embeddable":true,"href":"https:\/\/airports2hotel.com\/pt\/wp-json\/wp\/v2\/comments?post=1626"}],"version-history":[{"count":47,"href":"https:\/\/airports2hotel.com\/pt\/wp-json\/wp\/v2\/pages\/1626\/revisions"}],"predecessor-version":[{"id":4059,"href":"https:\/\/airports2hotel.com\/pt\/wp-json\/wp\/v2\/pages\/1626\/revisions\/4059"}],"wp:attachment":[{"href":"https:\/\/airports2hotel.com\/pt\/wp-json\/wp\/v2\/media?parent=1626"}],"curies":[{"name":"wp","href":"https:\/\/api.w.org\/{rel}","templated":true}]}}