{"id":1631,"date":"2025-12-24T18:51:57","date_gmt":"2025-12-24T18:51:57","guid":{"rendered":"https:\/\/airports2hotel.com\/?page_id=1631"},"modified":"2026-03-20T05:38:27","modified_gmt":"2026-03-20T05:38:27","slug":"cookie-policy","status":"publish","type":"page","link":"https:\/\/airports2hotel.com\/pt\/cookie-policy\/","title":{"rendered":"Cookie policy"},"content":{"rendered":"<div data-elementor-type=\"wp-page\" data-elementor-id=\"1631\" class=\"elementor elementor-1631\" data-elementor-post-type=\"page\">\n\t\t\t\t<div class=\"elementor-element elementor-element-8136a58 e-flex e-con-boxed e-con e-parent\" data-id=\"8136a58\" data-element_type=\"container\" data-e-type=\"container\">\n\t\t\t\t\t<div class=\"e-con-inner\">\n\t\t<div class=\"elementor-element elementor-element-bd210ee e-con-full e-flex e-con e-child\" data-id=\"bd210ee\" data-element_type=\"container\" data-e-type=\"container\">\n\t\t\t\t<div class=\"elementor-element elementor-element-ecaf063 elementor-widget elementor-widget-heading\" data-id=\"ecaf063\" data-element_type=\"widget\" data-e-type=\"widget\" data-widget_type=\"heading.default\">\n\t\t\t\t\t<h1 class=\"elementor-heading-title elementor-size-default\">Cookie policy<\/h1>\t\t\t\t<\/div>\n\t\t\t\t<div class=\"elementor-element elementor-element-fd21f2a elementor-widget elementor-widget-text-editor\" data-id=\"fd21f2a\" data-element_type=\"widget\" data-e-type=\"widget\" data-widget_type=\"text-editor.default\">\n\t\t\t\t\t\t\t\t\t<p class=\"translation-block\">Esta Pol\u00edtica de Cookies explica como a <strong data-start=\"10439\" data-end=\"10457\">Airports2Hotel<\/strong> usa cookies e tecnologias semelhantes em <strong data-start=\"10499\" data-end=\"10529\"><a class=\"decorated-link\" href=\"https:\/\/airports2hotel.com\/pt\/\" target=\"_new\" rel=\"noopener\" data-start=\"10501\" data-end=\"10527\">https:\/\/airports2hotel.com<\/a><\/strong>.<\/p>\n<p>Cookies s\u00e3o pequenos arquivos de texto armazenados no seu dispositivo para ajudar os sites a funcionarem corretamente e melhorar a experi\u00eancia do usu\u00e1rio.<\/p>\n<h3>1) Why We Use Cookies<\/h3>\n<p>Usamos cookies para:<\/p>\n<ul>\n<li>\n<p>Make the website function correctly<\/p>\n<\/li>\n<li>\n<p>Remember preferences (language, region, etc.)<\/p>\n<\/li>\n<li>\n<p>Measure site performance and improve pages<\/p>\n<\/li>\n<li>\n<p>Apoiar marketing\/atribui\u00e7\u00e3o (se ativado)<\/p>\n<\/li>\n<\/ul>\n<h3>2) Categorias de Cookies que Usamos<\/h3>\n<p class=\"translation-block\"><strong data-start=\"10898\" data-end=\"10931\">A) Cookies Estritamente Necess\u00e1rios<\/strong><br data-start=\"10931\" data-end=\"10934\">S\u00e3o necess\u00e1rios para o site funcionar e n\u00e3o podem ser desativados em nossos sistemas. Exemplos:<\/p>\n<ul>\n<li>\n<p>Cookies de seguran\u00e7a<\/p>\n<\/li>\n<li>\n<p>Gerenciamento de sess\u00e3o<\/p>\n<\/li>\n<li>\n<p>Prefer\u00eancias de consentimento de cookies<\/p>\n<\/li>\n<\/ul>\n<p class=\"translation-block\"><strong data-start=\"11094\" data-end=\"11143\">B) Cookies de Desempenho \/ Analytics (opcional)<\/strong><br data-start=\"11143\" data-end=\"11146\">Ajudam a medir o tr\u00e1fego e entender como os visitantes usam o site (p\u00e1ginas visitadas, cliques, tempo na p\u00e1gina).<br data-start=\"11249\" data-end=\"11252\">Os provedores podem incluir Google Analytics ou ferramentas semelhantes (se configuradas).<\/p>\n<p class=\"translation-block\"><strong data-start=\"11334\" data-end=\"11370\">C) Cookies Funcionais (opcional)<\/strong><br data-start=\"11370\" data-end=\"11373\">Melhoram a funcionalidade e a personaliza\u00e7\u00e3o (por exemplo, lembrar prefer\u00eancias como idioma).<\/p>\n<p class=\"translation-block\"><strong data-start=\"11463\" data-end=\"11510\">D) Cookies de Marketing \/ Segmenta\u00e7\u00e3o (opcional)<\/strong><br data-start=\"11510\" data-end=\"11513\">Podem ser usados para medir a efic\u00e1cia dos an\u00fancios e exibir an\u00fancios relevantes na web (se configurados).<\/p>\n<h3>3) Como Gerenciar suas Prefer\u00eancias de Cookies<\/h3>\n<p>Voc\u00ea pode gerenciar os cookies de duas formas:<\/p>\n<ol>\n<li>\n<p class=\"translation-block\"><strong data-start=\"11696\" data-end=\"11728\">Banner de cookies \/ ferramenta de consentimento<\/strong> (recomendado): aceite ou recuse categorias n\u00e3o essenciais.<\/p>\n<\/li>\n<li>\n<p class=\"translation-block\"><strong data-start=\"11792\" data-end=\"11813\">Configura\u00e7\u00f5es do navegador:<\/strong> bloqueie ou exclua cookies a qualquer momento.<\/p>\n<\/li>\n<\/ol>\n<p>Bloquear alguns cookies pode afetar o funcionamento do site.<\/p>\n<h3>4) Cookies de Terceiros<\/h3>\n<p>Alguns cookies podem ser definidos por servi\u00e7os de terceiros incorporados ao nosso site (an\u00e1lises, seguran\u00e7a, widgets de reserva etc.). Esses terceiros podem coletar informa\u00e7\u00f5es de acordo com suas pr\u00f3prias pol\u00edticas.<\/p>\n<h3>5) Atualiza\u00e7\u00f5es desta Pol\u00edtica de Cookies<\/h3>\n<p>We may update this Policy from time to time. The &#8220;Last updated&#8221; date will reflect the most recent revision.<\/p>\n<h3>6) Contato<\/h3>\n<p class=\"translation-block\">Se tiver d\u00favidas, entre em contato:<br data-start=\"12318\" data-end=\"12321\"><strong data-start=\"12321\" data-end=\"12351\"><a class=\"decorated-link cursor-pointer\" rel=\"noopener\" data-start=\"12323\" data-end=\"12349\" target=\"_self\">support@airports2hotel.com<\/a><\/strong><\/p>\n<ul>\n<li>\n<p class=\"translation-block\">Pol\u00edtica de Privacidade \u2192 <a class=\"decorated-link cursor-pointer\" target=\"_new\" rel=\"noopener\" data-start=\"12458\" data-end=\"12499\">https:\/\/airports2hotel.com\/privacy-policy<\/a><\/p>\n<\/li>\n<li>\n<p class=\"translation-block\">Termos e Condi\u00e7\u00f5es \u2192 <a class=\"decorated-link cursor-pointer\" target=\"_new\" rel=\"noopener\" data-start=\"12525\" data-end=\"12572\">https:\/\/airports2hotel.com\/terms-and-conditions<\/a><\/p>\n<\/li>\n<li>\n<p>Pol\u00edtica de Cookies \u2192 <a href=\"https:\/\/airports2hotel.com\/pt\/cookie-policy\/\" target=\"_blank\" rel=\"noopener\">https:\/\/airports2hotel.com\/cookie-policy<\/a><\/p>\n<\/li>\n<\/ul>\n\n\t\t\t\t\t\t\t\t<\/div>\n\t\t\t\t<\/div>\n\t\t\t\t\t<\/div>\n\t\t\t\t<\/div>\n\t\t\t\t<\/div>","protected":false},"excerpt":{"rendered":"<p>This Cookie Policy explains how Airports2Hotel uses cookies and similar technologies for airport transfer and car rental services.<\/p>","protected":false},"author":1,"featured_media":0,"parent":0,"menu_order":0,"comment_status":"closed","ping_status":"closed","template":"","meta":{"_acf_changed":false,"inline_featured_image":false,"footnotes":""},"class_list":["post-1631","page","type-page","status-publish","hentry"],"acf":[],"_links":{"self":[{"href":"https:\/\/airports2hotel.com\/pt\/wp-json\/wp\/v2\/pages\/1631","targetHints":{"allow":["GET"]}}],"collection":[{"href":"https:\/\/airports2hotel.com\/pt\/wp-json\/wp\/v2\/pages"}],"about":[{"href":"https:\/\/airports2hotel.com\/pt\/wp-json\/wp\/v2\/types\/page"}],"author":[{"embeddable":true,"href":"https:\/\/airports2hotel.com\/pt\/wp-json\/wp\/v2\/users\/1"}],"replies":[{"embeddable":true,"href":"https:\/\/airports2hotel.com\/pt\/wp-json\/wp\/v2\/comments?post=1631"}],"version-history":[{"count":44,"href":"https:\/\/airports2hotel.com\/pt\/wp-json\/wp\/v2\/pages\/1631\/revisions"}],"predecessor-version":[{"id":4060,"href":"https:\/\/airports2hotel.com\/pt\/wp-json\/wp\/v2\/pages\/1631\/revisions\/4060"}],"wp:attachment":[{"href":"https:\/\/airports2hotel.com\/pt\/wp-json\/wp\/v2\/media?parent=1631"}],"curies":[{"name":"wp","href":"https:\/\/api.w.org\/{rel}","templated":true}]}}